{"id":1412,"date":"2018-08-23T11:51:19","date_gmt":"2018-08-23T09:51:19","guid":{"rendered":"https:\/\/www.eclosio.ong\/contact\/"},"modified":"2023-10-16T09:37:29","modified_gmt":"2023-10-16T07:37:29","slug":"contact","status":"publish","type":"page","link":"https:\/\/www.eclosio.ong\/es\/contact\/","title":{"rendered":"Contactos"},"content":{"rendered":"<h2><span style=\"color: #81b628;\"><strong>Eclosio<\/strong><\/span><\/h2>\n<h3>Gembloux<\/h3>\n<p>Passage des D\u00e9port\u00e9s, 2<br \/>\n(direcci\u00f3n postal y domicilio social)<\/p>\n<p>Avenue de la Facult\u00e9 d\u2019Agronomie, 2<br \/>\n(direcci\u00f3n de la oficina)<\/p>\n<p>5030 Gembloux &#8211; B\u00e9lgica<\/p>\n<p><span class=\"phone\">T\u00e9l. : <span class=\"phone-number\">+32 (0) 81 62 25 75<\/span><\/span><br \/>\n<span class=\"fax\">Fax : <span class=\"fax-number\">+32 (0) 81 60 00 22<\/span><\/span><br \/>\nDirecci\u00f3n de correo electr\u00f3nico : <a href=\"mailto:info@ong-adg.be\">info@eclosio.ong<\/a><\/p>\n<h3>Li\u00e8ge<\/h3>\n<p>Traverse des architectes, 2 Bat B3D<br \/>\n4000 Li\u00e9ge, B\u00e9lgica<\/p>\n<p><span class=\"phone\">T\u00e9l. : <\/span>+32 (0) 43 66 55 43<\/p>\n<h3>Per\u00fa<\/h3>\n<p>Av. Bolognesi, 321 &#8211; Miraflores<br \/>\nLima 18 &#8211; Per\u00fa<\/p>\n<p>T\u00e9l. : +51(0) 1 4461069 Fax : +51(0) 1 4461069<\/p>\n<h3>Senegal<\/h3>\n<p>100, Rue C.R. 41, Cit\u00e9 El Hadji Malick SY, Thi\u00e8s &#8211; S\u00e9n\u00e9gal<br \/>\nBP 746 &#8211; Thi\u00e8s &#8211; Senegal<\/p>\n<p>T\u00e9l. : +221 33 951 64 11<\/p>\n<h3>Ben\u00edn<\/h3>\n<p>Barrio : Ladji Farani<br \/>\nTama\u00f1o del terreno : 749<br \/>\nPlaza: 405<br \/>\nCalle: detr\u00e1s del estadio de Parakou<br \/>\nParakou, Ben\u00edn<\/p>\n<p>Tel: +229 62 66 41 20 \/ +229 67 71 20 21<\/p>\n<h3>Camboya<\/h3>\n<p>N\u00b035, rue n\u00b0 410, Boeung Trabek, Chamkar Morn<br \/>\nPhnom Penh \u2013 Camboya<\/p>\n<p>T\u00e9l. : 00855(0)16 749 579<\/p>\n","protected":false},"excerpt":{"rendered":"<p>Eclosio Gembloux Passage des D\u00e9port\u00e9s, 2 (direcci\u00f3n postal y domicilio social) Avenue de la Facult\u00e9 d\u2019Agronomie, 2 (direcci\u00f3n de la oficina) 5030 Gembloux &#8211; B\u00e9lgica T\u00e9l. : +32 (0) 81 62 25 75 Fax : +32 (0) 81 60 00 22 Direcci\u00f3n de correo electr\u00f3nico : info@eclosio.ong Li\u00e8ge Traverse des architectes, 2 Bat B3D 4000 [&hellip;]<\/p>\n","protected":false},"author":1,"featured_media":4364,"parent":0,"menu_order":0,"comment_status":"closed","ping_status":"closed","template":"page-contact.php","meta":{"_acf_changed":false,"footnotes":""},"class_list":["post-1412","page","type-page","status-publish","has-post-thumbnail","hentry"],"acf":[],"_links":{"self":[{"href":"https:\/\/www.eclosio.ong\/es\/wp-json\/wp\/v2\/pages\/1412","targetHints":{"allow":["GET"]}}],"collection":[{"href":"https:\/\/www.eclosio.ong\/es\/wp-json\/wp\/v2\/pages"}],"about":[{"href":"https:\/\/www.eclosio.ong\/es\/wp-json\/wp\/v2\/types\/page"}],"author":[{"embeddable":true,"href":"https:\/\/www.eclosio.ong\/es\/wp-json\/wp\/v2\/users\/1"}],"replies":[{"embeddable":true,"href":"https:\/\/www.eclosio.ong\/es\/wp-json\/wp\/v2\/comments?post=1412"}],"version-history":[{"count":9,"href":"https:\/\/www.eclosio.ong\/es\/wp-json\/wp\/v2\/pages\/1412\/revisions"}],"predecessor-version":[{"id":21007,"href":"https:\/\/www.eclosio.ong\/es\/wp-json\/wp\/v2\/pages\/1412\/revisions\/21007"}],"wp:featuredmedia":[{"embeddable":true,"href":"https:\/\/www.eclosio.ong\/es\/wp-json\/wp\/v2\/media\/4364"}],"wp:attachment":[{"href":"https:\/\/www.eclosio.ong\/es\/wp-json\/wp\/v2\/media?parent=1412"}],"curies":[{"name":"wp","href":"https:\/\/api.w.org\/{rel}","templated":true}]}}