{"id":260,"date":"2018-08-23T11:51:19","date_gmt":"2018-08-23T09:51:19","guid":{"rendered":"https:\/\/www.eclosio.ong\/?page_id=260"},"modified":"2023-11-22T00:03:28","modified_gmt":"2023-11-21T23:03:28","slug":"contact","status":"publish","type":"page","link":"https:\/\/www.eclosio.ong\/en\/contact\/","title":{"rendered":"Contact"},"content":{"rendered":"<h2><span style=\"color: #81b628;\"><strong>Eclosio<\/strong><\/span><\/h2>\n<h3>Gembloux &#8211; headquarters<\/h3>\n<p>Passage des D\u00e9port\u00e9s, 2<br \/>\n(postal and head office address)<\/p>\n<p>Avenue de la Facult\u00e9 d\u2019Agronomie, 2<br \/>\n(office address) <a href=\"\/?page_id=4545\">voir le plan<\/a><\/p>\n<p>5030 Gembloux &#8211; Belgium<br \/>\nPhone : +32 (0) 81 62 25 75<br \/>\nMail : <a href=\"mailto:info@ong-adg.be\">info@eclosio.ong<\/a><\/p>\n<h3>Li\u00e8ge<\/h3>\n<p>Traverse des architectes, 2 Bat B3D<br \/>\n4000 Li\u00e9ge, Belgium<\/p>\n<p><span class=\"phone\">T\u00e9l. : <\/span>+32 (0) 43 66 55 43<\/p>\n<h3>Peru<\/h3>\n<p>Av. Bolognesi, 321 &#8211; Miraflores<br \/>\nLima 18 &#8211; Peru<\/p>\n<p>T\u00e9l. : +51(0) 1 4461069 Fax : +51(0) 1 4461069<\/p>\n<h3>Senegal<\/h3>\n<p>100, Rue C.R. 41, Cit\u00e9 El Hadji Malick SY, Thi\u00e8s &#8211; Senegal<br \/>\nBP 746 &#8211; Thi\u00e8s &#8211; Senegal<\/p>\n<p>T\u00e9l. : +221 33 951 64 11<\/p>\n<h3>Benin<\/h3>\n<p>Neighbourhood : Ladji Farani<br \/>\nLot size : 749<br \/>\nSquare : 405<br \/>\nStreet: behind the Parakou stadium<br \/>\nParakou, Benin<\/p>\n<p>Tel: +229 62 66 41 20 \/ +229 67 71 20 21<\/p>\n<h3>Cambodia<\/h3>\n<p>N\u00b035, street n\u00b0 410, Boeung Trabek, Chamkar Morn<br \/>\nPhnom Penh \u2013 Cambodia<\/p>\n<p>T\u00e9l. : 00855(0)16 749 579<\/p>\n","protected":false},"excerpt":{"rendered":"<p>Eclosio Gembloux &#8211; headquarters Passage des D\u00e9port\u00e9s, 2 (postal and head office address) Avenue de la Facult\u00e9 d\u2019Agronomie, 2 (office address) voir le plan 5030 Gembloux &#8211; Belgium Phone : +32 (0) 81 62 25 75 Mail : info@eclosio.ong Li\u00e8ge Traverse des architectes, 2 Bat B3D 4000 Li\u00e9ge, Belgium T\u00e9l. : +32 (0) 43 66 [&hellip;]<\/p>\n","protected":false},"author":1,"featured_media":6671,"parent":0,"menu_order":0,"comment_status":"closed","ping_status":"closed","template":"page-contact.php","meta":{"_acf_changed":false,"footnotes":""},"class_list":["post-260","page","type-page","status-publish","has-post-thumbnail","hentry"],"acf":[],"_links":{"self":[{"href":"https:\/\/www.eclosio.ong\/en\/wp-json\/wp\/v2\/pages\/260","targetHints":{"allow":["GET"]}}],"collection":[{"href":"https:\/\/www.eclosio.ong\/en\/wp-json\/wp\/v2\/pages"}],"about":[{"href":"https:\/\/www.eclosio.ong\/en\/wp-json\/wp\/v2\/types\/page"}],"author":[{"embeddable":true,"href":"https:\/\/www.eclosio.ong\/en\/wp-json\/wp\/v2\/users\/1"}],"replies":[{"embeddable":true,"href":"https:\/\/www.eclosio.ong\/en\/wp-json\/wp\/v2\/comments?post=260"}],"version-history":[{"count":13,"href":"https:\/\/www.eclosio.ong\/en\/wp-json\/wp\/v2\/pages\/260\/revisions"}],"predecessor-version":[{"id":22064,"href":"https:\/\/www.eclosio.ong\/en\/wp-json\/wp\/v2\/pages\/260\/revisions\/22064"}],"wp:featuredmedia":[{"embeddable":true,"href":"https:\/\/www.eclosio.ong\/en\/wp-json\/wp\/v2\/media\/6671"}],"wp:attachment":[{"href":"https:\/\/www.eclosio.ong\/en\/wp-json\/wp\/v2\/media?parent=260"}],"curies":[{"name":"wp","href":"https:\/\/api.w.org\/{rel}","templated":true}]}}